{"id":151,"date":"2021-09-13T12:44:57","date_gmt":"2021-09-13T11:44:57","guid":{"rendered":"http:\/\/www.schlamann-gmbh.de\/site\/?page_id=151"},"modified":"2026-02-18T09:15:04","modified_gmt":"2026-02-18T08:15:04","slug":"impressum","status":"publish","type":"page","link":"https:\/\/www.schlamann-gmbh.de\/site\/impressum\/","title":{"rendered":"Impressum"},"content":{"rendered":"\n<h1 class=\"wp-block-heading\">Impressum<\/h1>\n\n\n\n<h2 class=\"wp-block-heading\">Angaben gem\u00e4\u00df \u00a7 5 TMG<\/h2>\n\n\n\n<p>Uwe Schlamann GmbH<br>An den Burgst\u00fccken 9<br>39638 Gardelegen<\/p>\n\n\n\n<p>Handelsregister: HRB 117<br>Registergericht: Amtsgericht Stendal<\/p>\n\n\n\n<p><strong>Vertreten durch:<\/strong><br>Fabian Schlamann<\/p>\n\n\n\n<h2 class=\"wp-block-heading\">Kontakt<\/h2>\n\n\n\n<p>Telefon: +49 03907 2537<br>Telefax: +49 3907 41334<br>E-Mail: mail@schlamann-gmbh.de<\/p>\n\n\n\n<h2 class=\"wp-block-heading\">Umsatzsteuer-ID<\/h2>\n\n\n\n<p>Umsatzsteuer-Identifikationsnummer gem\u00e4\u00df \u00a7 27 a Umsatzsteuergesetz:<br>DE 139452123<\/p>\n\n\n\n<h2 class=\"wp-block-heading\">Verbraucher\u00adstreit\u00adbeilegung\/Universal\u00adschlichtungs\u00adstelle<\/h2>\n\n\n\n<p>Wir sind nicht bereit oder verpflichtet, an Streitbeilegungsverfahren vor einer Verbraucherschlichtungsstelle teilzunehmen.<\/p>\n\n\n\n<p>Quelle: <a href=\"https:\/\/www.e-recht24.de\">e-recht24.de<\/a><\/p>\n","protected":false},"excerpt":{"rendered":"<p>Impressum Angaben gem\u00e4\u00df \u00a7 5 TMG Uwe Schlamann GmbHAn den Burgst\u00fccken 939638 Gardelegen Handelsregister: HRB 117Registergericht: Amtsgericht Stendal Vertreten durch:Fabian Schlamann Kontakt Telefon: +49 03907 2537Telefax: +49 3907 41334E-Mail: mail@schlamann-gmbh.de Umsatzsteuer-ID Umsatzsteuer-Identifikationsnummer gem\u00e4\u00df \u00a7 27 a Umsatzsteuergesetz:DE 139452123 Verbraucher\u00adstreit\u00adbeilegung\/Universal\u00adschlichtungs\u00adstelle Wir sind nicht bereit oder verpflichtet, an Streitbeilegungsverfahren vor einer Verbraucherschlichtungsstelle teilzunehmen. Quelle: e-recht24.de<\/p>\n","protected":false},"author":3,"featured_media":0,"parent":0,"menu_order":0,"comment_status":"closed","ping_status":"closed","template":"","meta":{"iawp_total_views":250,"footnotes":""},"class_list":["post-151","page","type-page","status-publish","hentry"],"yoast_head":"<!-- This site is optimized with the Yoast SEO plugin v27.5 - https:\/\/yoast.com\/product\/yoast-seo-wordpress\/ -->\n<title>Impressum &#187; Uwe Schlamann GmbH<\/title>\n<meta name=\"robots\" content=\"index, follow, max-snippet:-1, max-image-preview:large, max-video-preview:-1\" \/>\n<link rel=\"canonical\" href=\"https:\/\/www.schlamann-gmbh.de\/site\/impressum\/\" \/>\n<meta property=\"og:locale\" content=\"de_DE\" \/>\n<meta property=\"og:type\" content=\"article\" \/>\n<meta property=\"og:title\" content=\"Impressum &#187; Uwe Schlamann GmbH\" \/>\n<meta property=\"og:description\" content=\"Impressum Angaben gem\u00e4\u00df \u00a7 5 TMG Uwe Schlamann GmbHAn den Burgst\u00fccken 939638 Gardelegen Handelsregister: HRB 117Registergericht: Amtsgericht Stendal Vertreten durch:Fabian Schlamann Kontakt Telefon: +49 03907 2537Telefax: +49 3907 41334E-Mail: mail@schlamann-gmbh.de Umsatzsteuer-ID Umsatzsteuer-Identifikationsnummer gem\u00e4\u00df \u00a7 27 a Umsatzsteuergesetz:DE 139452123 Verbraucher\u00adstreit\u00adbeilegung\/Universal\u00adschlichtungs\u00adstelle Wir sind nicht bereit oder verpflichtet, an Streitbeilegungsverfahren vor einer Verbraucherschlichtungsstelle teilzunehmen. Quelle: e-recht24.de\" \/>\n<meta property=\"og:url\" content=\"https:\/\/www.schlamann-gmbh.de\/site\/impressum\/\" \/>\n<meta property=\"og:site_name\" content=\"Uwe Schlamann GmbH\" \/>\n<meta property=\"article:publisher\" content=\"https:\/\/www.facebook.com\/schlamann.gmbh\" \/>\n<meta property=\"article:modified_time\" content=\"2026-02-18T08:15:04+00:00\" \/>\n<meta name=\"twitter:card\" content=\"summary_large_image\" \/>\n<meta name=\"twitter:label1\" content=\"Gesch\u00e4tzte Lesezeit\" \/>\n\t<meta name=\"twitter:data1\" content=\"1\u00a0Minute\" \/>\n<script type=\"application\/ld+json\" class=\"yoast-schema-graph\">{\"@context\":\"https:\\\/\\\/schema.org\",\"@graph\":[{\"@type\":\"WebPage\",\"@id\":\"https:\\\/\\\/www.schlamann-gmbh.de\\\/site\\\/impressum\\\/\",\"url\":\"https:\\\/\\\/www.schlamann-gmbh.de\\\/site\\\/impressum\\\/\",\"name\":\"Impressum &#187; Uwe Schlamann GmbH\",\"isPartOf\":{\"@id\":\"https:\\\/\\\/www.schlamann-gmbh.de\\\/site\\\/#website\"},\"datePublished\":\"2021-09-13T11:44:57+00:00\",\"dateModified\":\"2026-02-18T08:15:04+00:00\",\"breadcrumb\":{\"@id\":\"https:\\\/\\\/www.schlamann-gmbh.de\\\/site\\\/impressum\\\/#breadcrumb\"},\"inLanguage\":\"de\",\"potentialAction\":[{\"@type\":\"ReadAction\",\"target\":[\"https:\\\/\\\/www.schlamann-gmbh.de\\\/site\\\/impressum\\\/\"]}]},{\"@type\":\"BreadcrumbList\",\"@id\":\"https:\\\/\\\/www.schlamann-gmbh.de\\\/site\\\/impressum\\\/#breadcrumb\",\"itemListElement\":[{\"@type\":\"ListItem\",\"position\":1,\"name\":\"Startseite\",\"item\":\"https:\\\/\\\/www.schlamann-gmbh.de\\\/site\\\/\"},{\"@type\":\"ListItem\",\"position\":2,\"name\":\"Impressum\"}]},{\"@type\":\"WebSite\",\"@id\":\"https:\\\/\\\/www.schlamann-gmbh.de\\\/site\\\/#website\",\"url\":\"https:\\\/\\\/www.schlamann-gmbh.de\\\/site\\\/\",\"name\":\"Uwe Schlamann GmbH - Feuerl\u00f6scher, Flurpl\u00e4ne, Feuerwehrpl\u00e4ne, Wandhydranten, Brandschutz\",\"description\":\"Die Uwe Schlamann GmbH ist Ihr Experte f\u00fcr Brandschutz. Wir vertreiben und warten Feuerl\u00f6schger\u00e4te. Wir erstellen Flucht-, Rettungs- und Feuerwehrpl\u00e4ne. Wir warten u.a. Wandhydranten, RWA-Anlagen und Brandschutzt\u00fcren.\",\"publisher\":{\"@id\":\"https:\\\/\\\/www.schlamann-gmbh.de\\\/site\\\/#organization\"},\"potentialAction\":[{\"@type\":\"SearchAction\",\"target\":{\"@type\":\"EntryPoint\",\"urlTemplate\":\"https:\\\/\\\/www.schlamann-gmbh.de\\\/site\\\/?s={search_term_string}\"},\"query-input\":{\"@type\":\"PropertyValueSpecification\",\"valueRequired\":true,\"valueName\":\"search_term_string\"}}],\"inLanguage\":\"de\"},{\"@type\":\"Organization\",\"@id\":\"https:\\\/\\\/www.schlamann-gmbh.de\\\/site\\\/#organization\",\"name\":\"Uwe Schlamann GmbH\",\"url\":\"https:\\\/\\\/www.schlamann-gmbh.de\\\/site\\\/\",\"logo\":{\"@type\":\"ImageObject\",\"inLanguage\":\"de\",\"@id\":\"https:\\\/\\\/www.schlamann-gmbh.de\\\/site\\\/#\\\/schema\\\/logo\\\/image\\\/\",\"url\":\"http:\\\/\\\/www.schlamann-gmbh.de\\\/site\\\/wp-content\\\/uploads\\\/2021\\\/09\\\/Logo1_cropped-1024x514.png\",\"contentUrl\":\"http:\\\/\\\/www.schlamann-gmbh.de\\\/site\\\/wp-content\\\/uploads\\\/2021\\\/09\\\/Logo1_cropped-1024x514.png\",\"width\":1024,\"height\":514,\"caption\":\"Uwe Schlamann GmbH\"},\"image\":{\"@id\":\"https:\\\/\\\/www.schlamann-gmbh.de\\\/site\\\/#\\\/schema\\\/logo\\\/image\\\/\"},\"sameAs\":[\"https:\\\/\\\/www.facebook.com\\\/schlamann.gmbh\"]}]}<\/script>\n<!-- \/ Yoast SEO plugin. -->","yoast_head_json":{"title":"Impressum &#187; Uwe Schlamann GmbH","robots":{"index":"index","follow":"follow","max-snippet":"max-snippet:-1","max-image-preview":"max-image-preview:large","max-video-preview":"max-video-preview:-1"},"canonical":"https:\/\/www.schlamann-gmbh.de\/site\/impressum\/","og_locale":"de_DE","og_type":"article","og_title":"Impressum &#187; Uwe Schlamann GmbH","og_description":"Impressum Angaben gem\u00e4\u00df \u00a7 5 TMG Uwe Schlamann GmbHAn den Burgst\u00fccken 939638 Gardelegen Handelsregister: HRB 117Registergericht: Amtsgericht Stendal Vertreten durch:Fabian Schlamann Kontakt Telefon: +49 03907 2537Telefax: +49 3907 41334E-Mail: mail@schlamann-gmbh.de Umsatzsteuer-ID Umsatzsteuer-Identifikationsnummer gem\u00e4\u00df \u00a7 27 a Umsatzsteuergesetz:DE 139452123 Verbraucher\u00adstreit\u00adbeilegung\/Universal\u00adschlichtungs\u00adstelle Wir sind nicht bereit oder verpflichtet, an Streitbeilegungsverfahren vor einer Verbraucherschlichtungsstelle teilzunehmen. Quelle: e-recht24.de","og_url":"https:\/\/www.schlamann-gmbh.de\/site\/impressum\/","og_site_name":"Uwe Schlamann GmbH","article_publisher":"https:\/\/www.facebook.com\/schlamann.gmbh","article_modified_time":"2026-02-18T08:15:04+00:00","twitter_card":"summary_large_image","twitter_misc":{"Gesch\u00e4tzte Lesezeit":"1\u00a0Minute"},"schema":{"@context":"https:\/\/schema.org","@graph":[{"@type":"WebPage","@id":"https:\/\/www.schlamann-gmbh.de\/site\/impressum\/","url":"https:\/\/www.schlamann-gmbh.de\/site\/impressum\/","name":"Impressum &#187; Uwe Schlamann GmbH","isPartOf":{"@id":"https:\/\/www.schlamann-gmbh.de\/site\/#website"},"datePublished":"2021-09-13T11:44:57+00:00","dateModified":"2026-02-18T08:15:04+00:00","breadcrumb":{"@id":"https:\/\/www.schlamann-gmbh.de\/site\/impressum\/#breadcrumb"},"inLanguage":"de","potentialAction":[{"@type":"ReadAction","target":["https:\/\/www.schlamann-gmbh.de\/site\/impressum\/"]}]},{"@type":"BreadcrumbList","@id":"https:\/\/www.schlamann-gmbh.de\/site\/impressum\/#breadcrumb","itemListElement":[{"@type":"ListItem","position":1,"name":"Startseite","item":"https:\/\/www.schlamann-gmbh.de\/site\/"},{"@type":"ListItem","position":2,"name":"Impressum"}]},{"@type":"WebSite","@id":"https:\/\/www.schlamann-gmbh.de\/site\/#website","url":"https:\/\/www.schlamann-gmbh.de\/site\/","name":"Uwe Schlamann GmbH - Feuerl\u00f6scher, Flurpl\u00e4ne, Feuerwehrpl\u00e4ne, Wandhydranten, Brandschutz","description":"Die Uwe Schlamann GmbH ist Ihr Experte f\u00fcr Brandschutz. Wir vertreiben und warten Feuerl\u00f6schger\u00e4te. Wir erstellen Flucht-, Rettungs- und Feuerwehrpl\u00e4ne. Wir warten u.a. Wandhydranten, RWA-Anlagen und Brandschutzt\u00fcren.","publisher":{"@id":"https:\/\/www.schlamann-gmbh.de\/site\/#organization"},"potentialAction":[{"@type":"SearchAction","target":{"@type":"EntryPoint","urlTemplate":"https:\/\/www.schlamann-gmbh.de\/site\/?s={search_term_string}"},"query-input":{"@type":"PropertyValueSpecification","valueRequired":true,"valueName":"search_term_string"}}],"inLanguage":"de"},{"@type":"Organization","@id":"https:\/\/www.schlamann-gmbh.de\/site\/#organization","name":"Uwe Schlamann GmbH","url":"https:\/\/www.schlamann-gmbh.de\/site\/","logo":{"@type":"ImageObject","inLanguage":"de","@id":"https:\/\/www.schlamann-gmbh.de\/site\/#\/schema\/logo\/image\/","url":"http:\/\/www.schlamann-gmbh.de\/site\/wp-content\/uploads\/2021\/09\/Logo1_cropped-1024x514.png","contentUrl":"http:\/\/www.schlamann-gmbh.de\/site\/wp-content\/uploads\/2021\/09\/Logo1_cropped-1024x514.png","width":1024,"height":514,"caption":"Uwe Schlamann GmbH"},"image":{"@id":"https:\/\/www.schlamann-gmbh.de\/site\/#\/schema\/logo\/image\/"},"sameAs":["https:\/\/www.facebook.com\/schlamann.gmbh"]}]}},"_links":{"self":[{"href":"https:\/\/www.schlamann-gmbh.de\/site\/wp-json\/wp\/v2\/pages\/151","targetHints":{"allow":["GET"]}}],"collection":[{"href":"https:\/\/www.schlamann-gmbh.de\/site\/wp-json\/wp\/v2\/pages"}],"about":[{"href":"https:\/\/www.schlamann-gmbh.de\/site\/wp-json\/wp\/v2\/types\/page"}],"author":[{"embeddable":true,"href":"https:\/\/www.schlamann-gmbh.de\/site\/wp-json\/wp\/v2\/users\/3"}],"replies":[{"embeddable":true,"href":"https:\/\/www.schlamann-gmbh.de\/site\/wp-json\/wp\/v2\/comments?post=151"}],"version-history":[{"count":3,"href":"https:\/\/www.schlamann-gmbh.de\/site\/wp-json\/wp\/v2\/pages\/151\/revisions"}],"predecessor-version":[{"id":584,"href":"https:\/\/www.schlamann-gmbh.de\/site\/wp-json\/wp\/v2\/pages\/151\/revisions\/584"}],"wp:attachment":[{"href":"https:\/\/www.schlamann-gmbh.de\/site\/wp-json\/wp\/v2\/media?parent=151"}],"curies":[{"name":"wp","href":"https:\/\/api.w.org\/{rel}","templated":true}]}}