{"id":183,"date":"2021-09-13T14:07:57","date_gmt":"2021-09-13T13:07:57","guid":{"rendered":"http:\/\/www.schlamann-gmbh.de\/site\/?page_id=183"},"modified":"2026-02-18T09:14:16","modified_gmt":"2026-02-18T08:14:16","slug":"kontakt","status":"publish","type":"page","link":"https:\/\/www.schlamann-gmbh.de\/site\/kontakt\/","title":{"rendered":"Kontakt"},"content":{"rendered":"\t\t<div data-elementor-type=\"wp-page\" data-elementor-id=\"183\" class=\"elementor elementor-183\" data-elementor-post-type=\"page\">\n\t\t\t\t\t\t<section class=\"elementor-section elementor-top-section elementor-element elementor-element-e670c46 elementor-section-boxed elementor-section-height-default elementor-section-height-default\" data-id=\"e670c46\" data-element_type=\"section\" data-e-type=\"section\">\n\t\t\t\t\t\t<div class=\"elementor-container elementor-column-gap-default\">\n\t\t\t\t\t<div class=\"elementor-column elementor-col-100 elementor-top-column elementor-element elementor-element-5a2c5f9\" data-id=\"5a2c5f9\" data-element_type=\"column\" data-e-type=\"column\">\n\t\t\t<div class=\"elementor-widget-wrap elementor-element-populated\">\n\t\t\t\t\t\t<section class=\"elementor-section elementor-inner-section elementor-element elementor-element-48e85de elementor-section-boxed elementor-section-height-default elementor-section-height-default\" data-id=\"48e85de\" data-element_type=\"section\" data-e-type=\"section\">\n\t\t\t\t\t\t<div class=\"elementor-container elementor-column-gap-default\">\n\t\t\t\t\t<div class=\"elementor-column elementor-col-100 elementor-inner-column elementor-element elementor-element-2ca4da7\" data-id=\"2ca4da7\" data-element_type=\"column\" data-e-type=\"column\">\n\t\t\t<div class=\"elementor-widget-wrap elementor-element-populated\">\n\t\t\t\t\t\t<div class=\"elementor-element elementor-element-eb09a75 elementor-widget elementor-widget-heading\" data-id=\"eb09a75\" data-element_type=\"widget\" data-e-type=\"widget\" data-widget_type=\"heading.default\">\n\t\t\t\t<div class=\"elementor-widget-container\">\n\t\t\t\t\t<h2 class=\"elementor-heading-title elementor-size-default\">Kontakt<\/h2>\t\t\t\t<\/div>\n\t\t\t\t<\/div>\n\t\t\t\t\t<\/div>\n\t\t<\/div>\n\t\t\t\t\t<\/div>\n\t\t<\/section>\n\t\t\t\t<section class=\"elementor-section elementor-inner-section elementor-element elementor-element-b150bc6 elementor-section-boxed elementor-section-height-default elementor-section-height-default\" data-id=\"b150bc6\" data-element_type=\"section\" data-e-type=\"section\">\n\t\t\t\t\t\t<div class=\"elementor-container elementor-column-gap-default\">\n\t\t\t\t\t<div class=\"elementor-column elementor-col-33 elementor-inner-column elementor-element elementor-element-0090043\" data-id=\"0090043\" data-element_type=\"column\" data-e-type=\"column\">\n\t\t\t<div class=\"elementor-widget-wrap elementor-element-populated\">\n\t\t\t\t\t\t<div class=\"elementor-element elementor-element-ea4f9c7 elementor-widget__width-initial elementor-widget elementor-widget-text-editor\" data-id=\"ea4f9c7\" data-element_type=\"widget\" data-e-type=\"widget\" data-widget_type=\"text-editor.default\">\n\t\t\t\t<div class=\"elementor-widget-container\">\n\t\t\t\t\t\t\t\t\t<p><b>Uwe Schlamann GmbH&nbsp;<\/b><br><span style=\"font-weight: inherit; font-style: inherit; font-family: var( --e-global-typography-text-font-family ), Sans-serif; color: var( --e-global-color-text );\">Gesch\u00e4ftsf\u00fchrer: Fabian Schlamann<\/span><\/p>\n<p>An den Burgst\u00fccken 9<br><span style=\"font-style: inherit; font-weight: inherit; color: var( --e-global-color-text );\">39638 Gardelegen<br>Sachsen-Anhalt&nbsp; (Deutschland)<\/span><\/p>\n<p><span style=\"font-style: inherit; font-weight: inherit; color: var( --e-global-color-text ); font-family: var( --e-global-typography-text-font-family ), Sans-serif;\">Amtsgericht Stendal HRB 117<br><\/span><span style=\"font-style: inherit; font-weight: inherit; color: var( --e-global-color-text ); font-family: var( --e-global-typography-text-font-family ), Sans-serif;\">USt-IdNr. DE 139452123<br><\/span><span style=\"font-style: inherit; font-weight: inherit; color: var( --e-global-color-text ); font-family: var( --e-global-typography-text-font-family ), Sans-serif;\">Ust.-Nr. 10611101088&nbsp;<\/span><\/p>\t\t\t\t\t\t\t\t<\/div>\n\t\t\t\t<\/div>\n\t\t\t\t\t<\/div>\n\t\t<\/div>\n\t\t\t\t<div class=\"elementor-column elementor-col-33 elementor-inner-column elementor-element elementor-element-9e7df4b\" data-id=\"9e7df4b\" data-element_type=\"column\" data-e-type=\"column\">\n\t\t\t<div class=\"elementor-widget-wrap elementor-element-populated\">\n\t\t\t\t\t\t<div class=\"elementor-element elementor-element-63678d4 elementor-widget elementor-widget-text-editor\" data-id=\"63678d4\" data-element_type=\"widget\" data-e-type=\"widget\" data-widget_type=\"text-editor.default\">\n\t\t\t\t<div class=\"elementor-widget-container\">\n\t\t\t\t\t\t\t\t\t<p>Bei Interesse an unseren Produkten oder Dienstleistungen, erreichen Sie uns unter:<\/p>\t\t\t\t\t\t\t\t<\/div>\n\t\t\t\t<\/div>\n\t\t\t\t<div class=\"elementor-element elementor-element-4bf0236 elementor-align-start elementor-icon-list--layout-traditional elementor-list-item-link-full_width elementor-widget elementor-widget-icon-list\" data-id=\"4bf0236\" data-element_type=\"widget\" data-e-type=\"widget\" data-widget_type=\"icon-list.default\">\n\t\t\t\t<div class=\"elementor-widget-container\">\n\t\t\t\t\t\t\t<ul class=\"elementor-icon-list-items\">\n\t\t\t\t\t\t\t<li class=\"elementor-icon-list-item\">\n\t\t\t\t\t\t\t\t\t\t\t<a href=\"mailto:mail@schlamann-gmbh.de\">\n\n\t\t\t\t\t\t\t\t\t\t\t\t<span class=\"elementor-icon-list-icon\">\n\t\t\t\t\t\t\t<i aria-hidden=\"true\" class=\"fas fa-envelope\"><\/i>\t\t\t\t\t\t<\/span>\n\t\t\t\t\t\t\t\t\t\t<span class=\"elementor-icon-list-text\">mail@schlamann-gmbh.de<\/span>\n\t\t\t\t\t\t\t\t\t\t\t<\/a>\n\t\t\t\t\t\t\t\t\t<\/li>\n\t\t\t\t\t\t\t\t<li class=\"elementor-icon-list-item\">\n\t\t\t\t\t\t\t\t\t\t\t<a href=\"tel:+4939072537\">\n\n\t\t\t\t\t\t\t\t\t\t\t\t<span class=\"elementor-icon-list-icon\">\n\t\t\t\t\t\t\t<i aria-hidden=\"true\" class=\"fas fa-phone-alt\"><\/i>\t\t\t\t\t\t<\/span>\n\t\t\t\t\t\t\t\t\t\t<span class=\"elementor-icon-list-text\">+ 49 3907 2537<\/span>\n\t\t\t\t\t\t\t\t\t\t\t<\/a>\n\t\t\t\t\t\t\t\t\t<\/li>\n\t\t\t\t\t\t\t\t<li class=\"elementor-icon-list-item\">\n\t\t\t\t\t\t\t\t\t\t\t<a href=\"fax:+49390741334%20\">\n\n\t\t\t\t\t\t\t\t\t\t\t\t<span class=\"elementor-icon-list-icon\">\n\t\t\t\t\t\t\t<i aria-hidden=\"true\" class=\"fas fa-print\"><\/i>\t\t\t\t\t\t<\/span>\n\t\t\t\t\t\t\t\t\t\t<span class=\"elementor-icon-list-text\">+ 49 3907 41334 <\/span>\n\t\t\t\t\t\t\t\t\t\t\t<\/a>\n\t\t\t\t\t\t\t\t\t<\/li>\n\t\t\t\t\t\t<\/ul>\n\t\t\t\t\t\t<\/div>\n\t\t\t\t<\/div>\n\t\t\t\t\t<\/div>\n\t\t<\/div>\n\t\t\t\t<div class=\"elementor-column elementor-col-33 elementor-inner-column elementor-element elementor-element-f5ff9e8\" data-id=\"f5ff9e8\" data-element_type=\"column\" data-e-type=\"column\">\n\t\t\t<div class=\"elementor-widget-wrap elementor-element-populated\">\n\t\t\t\t\t\t<div class=\"elementor-element elementor-element-69f8fbf elementor-widget elementor-widget-text-editor\" data-id=\"69f8fbf\" data-element_type=\"widget\" data-e-type=\"widget\" data-widget_type=\"text-editor.default\">\n\t\t\t\t<div class=\"elementor-widget-container\">\n\t\t\t\t\t\t\t\t\t<p><b>Unsere \u00d6ffnungszeiten<\/b>:<\/p>\n<p>Montags bis Donnerstags: 09:00 &#8211; 16:00<br><span style=\"font-style: inherit; font-weight: inherit; color: var( --e-global-color-text ); font-family: var( --e-global-typography-text-font-family ), Sans-serif;\">Freitags: 09:00 &#8211; 13:00&nbsp;<\/span><\/p>\t\t\t\t\t\t\t\t<\/div>\n\t\t\t\t<\/div>\n\t\t\t\t<div class=\"elementor-element elementor-element-e192599 elementor-align-start elementor-icon-list--layout-traditional elementor-list-item-link-full_width elementor-widget elementor-widget-icon-list\" data-id=\"e192599\" data-element_type=\"widget\" data-e-type=\"widget\" data-widget_type=\"icon-list.default\">\n\t\t\t\t<div class=\"elementor-widget-container\">\n\t\t\t\t\t\t\t<ul class=\"elementor-icon-list-items\">\n\t\t\t\t\t\t\t<li class=\"elementor-icon-list-item\">\n\t\t\t\t\t\t\t\t\t\t\t<a href=\"https:\/\/maps.app.goo.gl\/ziE6Ehc1DTecwHqU8\">\n\n\t\t\t\t\t\t\t\t\t\t\t\t<span class=\"elementor-icon-list-icon\">\n\t\t\t\t\t\t\t<i aria-hidden=\"true\" class=\"fas fa-map-marked\"><\/i>\t\t\t\t\t\t<\/span>\n\t\t\t\t\t\t\t\t\t\t<span class=\"elementor-icon-list-text\">An den Burgst\u00fccken 9, 39638 Gardelegen<\/span>\n\t\t\t\t\t\t\t\t\t\t\t<\/a>\n\t\t\t\t\t\t\t\t\t<\/li>\n\t\t\t\t\t\t<\/ul>\n\t\t\t\t\t\t<\/div>\n\t\t\t\t<\/div>\n\t\t\t\t\t<\/div>\n\t\t<\/div>\n\t\t\t\t\t<\/div>\n\t\t<\/section>\n\t\t\t\t\t<\/div>\n\t\t<\/div>\n\t\t\t\t\t<\/div>\n\t\t<\/section>\n\t\t\t\t<section class=\"elementor-section elementor-top-section elementor-element elementor-element-61e46eb elementor-hidden-desktop elementor-hidden-tablet elementor-hidden-mobile elementor-section-boxed elementor-section-height-default elementor-section-height-default\" data-id=\"61e46eb\" data-element_type=\"section\" data-e-type=\"section\" data-settings=\"{&quot;shape_divider_top&quot;:&quot;pyramids&quot;,&quot;shape_divider_top_negative&quot;:&quot;yes&quot;,&quot;shape_divider_bottom&quot;:&quot;tilt&quot;}\">\n\t\t\t\t\t\t\t<div class=\"elementor-background-overlay\"><\/div>\n\t\t\t\t\t\t<div class=\"elementor-shape elementor-shape-top\" aria-hidden=\"true\" data-negative=\"true\">\n\t\t\t<svg xmlns=\"http:\/\/www.w3.org\/2000\/svg\" viewBox=\"0 0 1000 100\" preserveAspectRatio=\"none\">\n\t<path class=\"elementor-shape-fill\" d=\"M761.9,40.6L643.1,24L333.9,93.8L0.1,1H0v99h1000V1\"\/>\n<\/svg>\t\t<\/div>\n\t\t\t\t<div class=\"elementor-shape elementor-shape-bottom\" aria-hidden=\"true\" data-negative=\"false\">\n\t\t\t<svg xmlns=\"http:\/\/www.w3.org\/2000\/svg\" viewBox=\"0 0 1000 100\" preserveAspectRatio=\"none\">\n\t<path class=\"elementor-shape-fill\" d=\"M0,6V0h1000v100L0,6z\"\/>\n<\/svg>\t\t<\/div>\n\t\t\t\t\t<div class=\"elementor-container elementor-column-gap-default\">\n\t\t\t\t\t<div class=\"elementor-column elementor-col-100 elementor-top-column elementor-element elementor-element-2ffc524\" data-id=\"2ffc524\" data-element_type=\"column\" data-e-type=\"column\">\n\t\t\t<div class=\"elementor-widget-wrap elementor-element-populated\">\n\t\t\t\t\t\t<div class=\"elementor-element elementor-element-dcc6ed6 elementor-button-align-stretch elementor-widget elementor-widget-form\" data-id=\"dcc6ed6\" data-element_type=\"widget\" data-e-type=\"widget\" data-settings=\"{&quot;step_next_label&quot;:&quot;Next&quot;,&quot;step_previous_label&quot;:&quot;Previous&quot;,&quot;button_width&quot;:&quot;100&quot;,&quot;step_type&quot;:&quot;number_text&quot;,&quot;step_icon_shape&quot;:&quot;circle&quot;}\" data-widget_type=\"form.default\">\n\t\t\t\t<div class=\"elementor-widget-container\">\n\t\t\t\t\t\t\t<form class=\"elementor-form\" method=\"post\" name=\"New Form\" aria-label=\"New Form\">\n\t\t\t<input type=\"hidden\" name=\"post_id\" value=\"183\"\/>\n\t\t\t<input type=\"hidden\" name=\"form_id\" value=\"dcc6ed6\"\/>\n\t\t\t<input type=\"hidden\" name=\"referer_title\" value=\"Uwe Schlamann GmbH\" \/>\n\n\t\t\t\n\t\t\t<div class=\"elementor-form-fields-wrapper elementor-labels-above\">\n\t\t\t\t\t\t\t\t<div class=\"elementor-field-type-text elementor-field-group elementor-column elementor-field-group-name elementor-col-100 elementor-field-required elementor-mark-required\">\n\t\t\t\t\t\t\t\t\t\t\t\t<label for=\"form-field-name\" class=\"elementor-field-label\">\n\t\t\t\t\t\t\t\tVor- und Nachname\t\t\t\t\t\t\t<\/label>\n\t\t\t\t\t\t\t\t\t\t\t\t\t\t<input size=\"1\" type=\"text\" name=\"form_fields[name]\" id=\"form-field-name\" class=\"elementor-field elementor-size-sm  elementor-field-textual\" placeholder=\"Ihr Name\" required=\"required\">\n\t\t\t\t\t\t\t\t\t\t\t<\/div>\n\t\t\t\t\t\t\t\t<div class=\"elementor-field-type-email elementor-field-group elementor-column elementor-field-group-email elementor-col-100 elementor-field-required elementor-mark-required\">\n\t\t\t\t\t\t\t\t\t\t\t\t<label for=\"form-field-email\" class=\"elementor-field-label\">\n\t\t\t\t\t\t\t\tEmail\t\t\t\t\t\t\t<\/label>\n\t\t\t\t\t\t\t\t\t\t\t\t\t\t<input size=\"1\" type=\"email\" name=\"form_fields[email]\" id=\"form-field-email\" class=\"elementor-field elementor-size-sm  elementor-field-textual\" placeholder=\"Ihre Email-Adresse\" required=\"required\">\n\t\t\t\t\t\t\t\t\t\t\t<\/div>\n\t\t\t\t\t\t\t\t<div class=\"elementor-field-type-tel elementor-field-group elementor-column elementor-field-group-field_583953c elementor-col-100\">\n\t\t\t\t\t\t\t\t\t\t\t\t<label for=\"form-field-field_583953c\" class=\"elementor-field-label\">\n\t\t\t\t\t\t\t\tTelefon\t\t\t\t\t\t\t<\/label>\n\t\t\t\t\t\t\t\t<input size=\"1\" type=\"tel\" name=\"form_fields[field_583953c]\" id=\"form-field-field_583953c\" class=\"elementor-field elementor-size-sm  elementor-field-textual\" placeholder=\"Ihre Telefonnummer\" pattern=\"[0-9()#&amp;+*-=.]+\" title=\"Nur Nummern oder Telefon-Zeichen (#, -, *, etc) werden akzeptiert.\">\n\n\t\t\t\t\t\t<\/div>\n\t\t\t\t\t\t\t\t<div class=\"elementor-field-type-textarea elementor-field-group elementor-column elementor-field-group-message elementor-col-100 elementor-field-required elementor-mark-required\">\n\t\t\t\t\t\t\t\t\t\t\t\t<label for=\"form-field-message\" class=\"elementor-field-label\">\n\t\t\t\t\t\t\t\tNachricht\t\t\t\t\t\t\t<\/label>\n\t\t\t\t\t\t<textarea class=\"elementor-field-textual elementor-field  elementor-size-sm\" name=\"form_fields[message]\" id=\"form-field-message\" rows=\"4\" placeholder=\"Ihre Anfrage an uns\" required=\"required\"><\/textarea>\t\t\t\t<\/div>\n\t\t\t\t\t\t\t\t<div class=\"elementor-field-group elementor-column elementor-field-type-submit elementor-col-100 e-form__buttons\">\n\t\t\t\t\t<button class=\"elementor-button elementor-size-sm elementor-animation-shrink\" type=\"submit\">\n\t\t\t\t\t\t<span class=\"elementor-button-content-wrapper\">\n\t\t\t\t\t\t\t\t\t\t\t\t\t\t\t\t\t\t\t\t\t\t<span class=\"elementor-button-text\">Abschicken<\/span>\n\t\t\t\t\t\t\t\t\t\t\t\t\t<\/span>\n\t\t\t\t\t<\/button>\n\t\t\t\t<\/div>\n\t\t\t<\/div>\n\t\t<\/form>\n\t\t\t\t\t\t<\/div>\n\t\t\t\t<\/div>\n\t\t\t\t\t<\/div>\n\t\t<\/div>\n\t\t\t\t\t<\/div>\n\t\t<\/section>\n\t\t\t\t<\/div>\n\t\t","protected":false},"excerpt":{"rendered":"<p>Kontakt Uwe Schlamann GmbH&nbsp;Gesch\u00e4ftsf\u00fchrer: Fabian Schlamann An den Burgst\u00fccken 939638 GardelegenSachsen-Anhalt&nbsp; (Deutschland) Amtsgericht Stendal HRB 117USt-IdNr. DE 139452123Ust.-Nr. 10611101088&nbsp; Bei Interesse an unseren Produkten oder Dienstleistungen, erreichen Sie uns unter: mail@schlamann-gmbh.de + 49 3907 2537 + 49 3907 41334 Unsere \u00d6ffnungszeiten: Montags bis Donnerstags: 09:00 &#8211; 16:00Freitags: 09:00 &#8211; 13:00&nbsp; An den Burgst\u00fccken 9, 39638 &hellip;<\/p>\n<p class=\"read-more\"> <a class=\"\" href=\"https:\/\/www.schlamann-gmbh.de\/site\/kontakt\/\"> <span class=\"screen-reader-text\">Kontakt<\/span> Weiterlesen &raquo;<\/a><\/p>\n","protected":false},"author":3,"featured_media":0,"parent":0,"menu_order":0,"comment_status":"closed","ping_status":"closed","template":"","meta":{"iawp_total_views":351,"footnotes":""},"class_list":["post-183","page","type-page","status-publish","hentry"],"yoast_head":"<!-- This site is optimized with the Yoast SEO plugin v27.5 - https:\/\/yoast.com\/product\/yoast-seo-wordpress\/ -->\n<title>Kontakt &#187; Uwe Schlamann GmbH<\/title>\n<meta name=\"robots\" content=\"index, follow, max-snippet:-1, max-image-preview:large, max-video-preview:-1\" \/>\n<link rel=\"canonical\" href=\"https:\/\/www.schlamann-gmbh.de\/site\/kontakt\/\" \/>\n<meta property=\"og:locale\" content=\"de_DE\" \/>\n<meta property=\"og:type\" content=\"article\" \/>\n<meta property=\"og:title\" content=\"Kontakt &#187; Uwe Schlamann GmbH\" \/>\n<meta property=\"og:description\" content=\"Kontakt Uwe Schlamann GmbH&nbsp;Gesch\u00e4ftsf\u00fchrer: Fabian Schlamann An den Burgst\u00fccken 939638 GardelegenSachsen-Anhalt&nbsp; (Deutschland) Amtsgericht Stendal HRB 117USt-IdNr. DE 139452123Ust.-Nr. 10611101088&nbsp; Bei Interesse an unseren Produkten oder Dienstleistungen, erreichen Sie uns unter: mail@schlamann-gmbh.de + 49 3907 2537 + 49 3907 41334 Unsere \u00d6ffnungszeiten: Montags bis Donnerstags: 09:00 &#8211; 16:00Freitags: 09:00 &#8211; 13:00&nbsp; An den Burgst\u00fccken 9, 39638 &hellip; Kontakt Weiterlesen &raquo;\" \/>\n<meta property=\"og:url\" content=\"https:\/\/www.schlamann-gmbh.de\/site\/kontakt\/\" \/>\n<meta property=\"og:site_name\" content=\"Uwe Schlamann GmbH\" \/>\n<meta property=\"article:publisher\" content=\"https:\/\/www.facebook.com\/schlamann.gmbh\" \/>\n<meta property=\"article:modified_time\" content=\"2026-02-18T08:14:16+00:00\" \/>\n<meta name=\"twitter:card\" content=\"summary_large_image\" \/>\n<meta name=\"twitter:label1\" content=\"Gesch\u00e4tzte Lesezeit\" \/>\n\t<meta name=\"twitter:data1\" content=\"1\u00a0Minute\" \/>\n<script type=\"application\/ld+json\" class=\"yoast-schema-graph\">{\"@context\":\"https:\\\/\\\/schema.org\",\"@graph\":[{\"@type\":\"WebPage\",\"@id\":\"https:\\\/\\\/www.schlamann-gmbh.de\\\/site\\\/kontakt\\\/\",\"url\":\"https:\\\/\\\/www.schlamann-gmbh.de\\\/site\\\/kontakt\\\/\",\"name\":\"Kontakt &#187; Uwe Schlamann GmbH\",\"isPartOf\":{\"@id\":\"https:\\\/\\\/www.schlamann-gmbh.de\\\/site\\\/#website\"},\"datePublished\":\"2021-09-13T13:07:57+00:00\",\"dateModified\":\"2026-02-18T08:14:16+00:00\",\"breadcrumb\":{\"@id\":\"https:\\\/\\\/www.schlamann-gmbh.de\\\/site\\\/kontakt\\\/#breadcrumb\"},\"inLanguage\":\"de\",\"potentialAction\":[{\"@type\":\"ReadAction\",\"target\":[\"https:\\\/\\\/www.schlamann-gmbh.de\\\/site\\\/kontakt\\\/\"]}]},{\"@type\":\"BreadcrumbList\",\"@id\":\"https:\\\/\\\/www.schlamann-gmbh.de\\\/site\\\/kontakt\\\/#breadcrumb\",\"itemListElement\":[{\"@type\":\"ListItem\",\"position\":1,\"name\":\"Startseite\",\"item\":\"https:\\\/\\\/www.schlamann-gmbh.de\\\/site\\\/\"},{\"@type\":\"ListItem\",\"position\":2,\"name\":\"Kontakt\"}]},{\"@type\":\"WebSite\",\"@id\":\"https:\\\/\\\/www.schlamann-gmbh.de\\\/site\\\/#website\",\"url\":\"https:\\\/\\\/www.schlamann-gmbh.de\\\/site\\\/\",\"name\":\"Uwe Schlamann GmbH - Feuerl\u00f6scher, Flurpl\u00e4ne, Feuerwehrpl\u00e4ne, Wandhydranten, Brandschutz\",\"description\":\"Die Uwe Schlamann GmbH ist Ihr Experte f\u00fcr Brandschutz. Wir vertreiben und warten Feuerl\u00f6schger\u00e4te. Wir erstellen Flucht-, Rettungs- und Feuerwehrpl\u00e4ne. Wir warten u.a. Wandhydranten, RWA-Anlagen und Brandschutzt\u00fcren.\",\"publisher\":{\"@id\":\"https:\\\/\\\/www.schlamann-gmbh.de\\\/site\\\/#organization\"},\"potentialAction\":[{\"@type\":\"SearchAction\",\"target\":{\"@type\":\"EntryPoint\",\"urlTemplate\":\"https:\\\/\\\/www.schlamann-gmbh.de\\\/site\\\/?s={search_term_string}\"},\"query-input\":{\"@type\":\"PropertyValueSpecification\",\"valueRequired\":true,\"valueName\":\"search_term_string\"}}],\"inLanguage\":\"de\"},{\"@type\":\"Organization\",\"@id\":\"https:\\\/\\\/www.schlamann-gmbh.de\\\/site\\\/#organization\",\"name\":\"Uwe Schlamann GmbH\",\"url\":\"https:\\\/\\\/www.schlamann-gmbh.de\\\/site\\\/\",\"logo\":{\"@type\":\"ImageObject\",\"inLanguage\":\"de\",\"@id\":\"https:\\\/\\\/www.schlamann-gmbh.de\\\/site\\\/#\\\/schema\\\/logo\\\/image\\\/\",\"url\":\"http:\\\/\\\/www.schlamann-gmbh.de\\\/site\\\/wp-content\\\/uploads\\\/2021\\\/09\\\/Logo1_cropped-1024x514.png\",\"contentUrl\":\"http:\\\/\\\/www.schlamann-gmbh.de\\\/site\\\/wp-content\\\/uploads\\\/2021\\\/09\\\/Logo1_cropped-1024x514.png\",\"width\":1024,\"height\":514,\"caption\":\"Uwe Schlamann GmbH\"},\"image\":{\"@id\":\"https:\\\/\\\/www.schlamann-gmbh.de\\\/site\\\/#\\\/schema\\\/logo\\\/image\\\/\"},\"sameAs\":[\"https:\\\/\\\/www.facebook.com\\\/schlamann.gmbh\"]}]}<\/script>\n<!-- \/ Yoast SEO plugin. -->","yoast_head_json":{"title":"Kontakt &#187; Uwe Schlamann GmbH","robots":{"index":"index","follow":"follow","max-snippet":"max-snippet:-1","max-image-preview":"max-image-preview:large","max-video-preview":"max-video-preview:-1"},"canonical":"https:\/\/www.schlamann-gmbh.de\/site\/kontakt\/","og_locale":"de_DE","og_type":"article","og_title":"Kontakt &#187; Uwe Schlamann GmbH","og_description":"Kontakt Uwe Schlamann GmbH&nbsp;Gesch\u00e4ftsf\u00fchrer: Fabian Schlamann An den Burgst\u00fccken 939638 GardelegenSachsen-Anhalt&nbsp; (Deutschland) Amtsgericht Stendal HRB 117USt-IdNr. DE 139452123Ust.-Nr. 10611101088&nbsp; Bei Interesse an unseren Produkten oder Dienstleistungen, erreichen Sie uns unter: mail@schlamann-gmbh.de + 49 3907 2537 + 49 3907 41334 Unsere \u00d6ffnungszeiten: Montags bis Donnerstags: 09:00 &#8211; 16:00Freitags: 09:00 &#8211; 13:00&nbsp; An den Burgst\u00fccken 9, 39638 &hellip; Kontakt Weiterlesen &raquo;","og_url":"https:\/\/www.schlamann-gmbh.de\/site\/kontakt\/","og_site_name":"Uwe Schlamann GmbH","article_publisher":"https:\/\/www.facebook.com\/schlamann.gmbh","article_modified_time":"2026-02-18T08:14:16+00:00","twitter_card":"summary_large_image","twitter_misc":{"Gesch\u00e4tzte Lesezeit":"1\u00a0Minute"},"schema":{"@context":"https:\/\/schema.org","@graph":[{"@type":"WebPage","@id":"https:\/\/www.schlamann-gmbh.de\/site\/kontakt\/","url":"https:\/\/www.schlamann-gmbh.de\/site\/kontakt\/","name":"Kontakt &#187; Uwe Schlamann GmbH","isPartOf":{"@id":"https:\/\/www.schlamann-gmbh.de\/site\/#website"},"datePublished":"2021-09-13T13:07:57+00:00","dateModified":"2026-02-18T08:14:16+00:00","breadcrumb":{"@id":"https:\/\/www.schlamann-gmbh.de\/site\/kontakt\/#breadcrumb"},"inLanguage":"de","potentialAction":[{"@type":"ReadAction","target":["https:\/\/www.schlamann-gmbh.de\/site\/kontakt\/"]}]},{"@type":"BreadcrumbList","@id":"https:\/\/www.schlamann-gmbh.de\/site\/kontakt\/#breadcrumb","itemListElement":[{"@type":"ListItem","position":1,"name":"Startseite","item":"https:\/\/www.schlamann-gmbh.de\/site\/"},{"@type":"ListItem","position":2,"name":"Kontakt"}]},{"@type":"WebSite","@id":"https:\/\/www.schlamann-gmbh.de\/site\/#website","url":"https:\/\/www.schlamann-gmbh.de\/site\/","name":"Uwe Schlamann GmbH - Feuerl\u00f6scher, Flurpl\u00e4ne, Feuerwehrpl\u00e4ne, Wandhydranten, Brandschutz","description":"Die Uwe Schlamann GmbH ist Ihr Experte f\u00fcr Brandschutz. Wir vertreiben und warten Feuerl\u00f6schger\u00e4te. Wir erstellen Flucht-, Rettungs- und Feuerwehrpl\u00e4ne. Wir warten u.a. Wandhydranten, RWA-Anlagen und Brandschutzt\u00fcren.","publisher":{"@id":"https:\/\/www.schlamann-gmbh.de\/site\/#organization"},"potentialAction":[{"@type":"SearchAction","target":{"@type":"EntryPoint","urlTemplate":"https:\/\/www.schlamann-gmbh.de\/site\/?s={search_term_string}"},"query-input":{"@type":"PropertyValueSpecification","valueRequired":true,"valueName":"search_term_string"}}],"inLanguage":"de"},{"@type":"Organization","@id":"https:\/\/www.schlamann-gmbh.de\/site\/#organization","name":"Uwe Schlamann GmbH","url":"https:\/\/www.schlamann-gmbh.de\/site\/","logo":{"@type":"ImageObject","inLanguage":"de","@id":"https:\/\/www.schlamann-gmbh.de\/site\/#\/schema\/logo\/image\/","url":"http:\/\/www.schlamann-gmbh.de\/site\/wp-content\/uploads\/2021\/09\/Logo1_cropped-1024x514.png","contentUrl":"http:\/\/www.schlamann-gmbh.de\/site\/wp-content\/uploads\/2021\/09\/Logo1_cropped-1024x514.png","width":1024,"height":514,"caption":"Uwe Schlamann GmbH"},"image":{"@id":"https:\/\/www.schlamann-gmbh.de\/site\/#\/schema\/logo\/image\/"},"sameAs":["https:\/\/www.facebook.com\/schlamann.gmbh"]}]}},"_links":{"self":[{"href":"https:\/\/www.schlamann-gmbh.de\/site\/wp-json\/wp\/v2\/pages\/183","targetHints":{"allow":["GET"]}}],"collection":[{"href":"https:\/\/www.schlamann-gmbh.de\/site\/wp-json\/wp\/v2\/pages"}],"about":[{"href":"https:\/\/www.schlamann-gmbh.de\/site\/wp-json\/wp\/v2\/types\/page"}],"author":[{"embeddable":true,"href":"https:\/\/www.schlamann-gmbh.de\/site\/wp-json\/wp\/v2\/users\/3"}],"replies":[{"embeddable":true,"href":"https:\/\/www.schlamann-gmbh.de\/site\/wp-json\/wp\/v2\/comments?post=183"}],"version-history":[{"count":8,"href":"https:\/\/www.schlamann-gmbh.de\/site\/wp-json\/wp\/v2\/pages\/183\/revisions"}],"predecessor-version":[{"id":583,"href":"https:\/\/www.schlamann-gmbh.de\/site\/wp-json\/wp\/v2\/pages\/183\/revisions\/583"}],"wp:attachment":[{"href":"https:\/\/www.schlamann-gmbh.de\/site\/wp-json\/wp\/v2\/media?parent=183"}],"curies":[{"name":"wp","href":"https:\/\/api.w.org\/{rel}","templated":true}]}}