{"id":22,"date":"2006-11-04T17:25:50","date_gmt":"2006-11-04T16:25:50","guid":{"rendered":"http:\/\/www.schlamann-gmbh.de\/site\/schulungen\/"},"modified":"2012-10-16T10:10:06","modified_gmt":"2012-10-16T10:10:06","slug":"schulungen","status":"publish","type":"page","link":"https:\/\/www.schlamann-gmbh.de\/site\/schulungen\/","title":{"rendered":"Schulungen"},"content":{"rendered":"<div>Damit Sie optimal vorbereitet sind und sofort wissen, was im Ernstfall zu tun ist, f\u00fchrt die Uwe Schlamann GmbH individuelle Schulungen durch. Dabei werden in der Theorie alle Grundlagen des Feuerschutzes vermittelt:<\/div>\n<ul>\n<li>Verhalten im Brandfall<\/li>\n<li>Brandentstehung<\/li>\n<li>Brandbek\u00e4mpfung<\/li>\n<li>L\u00f6scheinrichtungen und L\u00f6schmittel<\/li>\n<\/ul>\n<p>Speziell f\u00fcr Ihr Unternehmen wird jeder Mitarbeiter in das richtige Verhalten im Brandfall eingewiesen. Die Brandschutzordnung wird besprochen und auf alle weiteren Eventualit\u00e4ten wird eingegangen. Die Umsetzung der Theorie in die Praxis wird ebenfalls in unseren Schulungen durchgef\u00fchrt. Feuerl\u00f6schger\u00e4te werden in der Praxis an einem Brandsimulator ausprobiert, die Handhabung aller Feuerschutzeinrichtungen wird geprobt und vor Ort erkl\u00e4rt und angewandt. Fluchtwege werden begangen, Flucht-und Rettungswegpl\u00e4ne werden erkl\u00e4rt, das im Brandfall n\u00f6tige Verhalten wird trainiert und erlernt. Diese Ma\u00dfnahmen steigern die Brandschutz-Sicherheit in Ihrem Betrieb, f\u00fcr Ihr Unternehmen und die darin besch\u00e4ftigten Personen &#8211; und Sie erf\u00fcllen damit auch die Pflichten der Arbeitst\u00e4ttenverordnung. Eine schriftliche Best\u00e4tigung ist selbstverst\u00e4ndlich.<\/p>\n","protected":false},"excerpt":{"rendered":"<p>Damit Sie optimal vorbereitet sind und sofort wissen, was im Ernstfall zu tun ist, f\u00fchrt die Uwe Schlamann GmbH individuelle Schulungen durch. Dabei werden in der Theorie alle Grundlagen des Feuerschutzes vermittelt: Verhalten im Brandfall Brandentstehung Brandbek\u00e4mpfung L\u00f6scheinrichtungen und L\u00f6schmittel Speziell f\u00fcr Ihr Unternehmen wird jeder Mitarbeiter in das richtige Verhalten im Brandfall eingewiesen. Die &hellip;<\/p>\n<p class=\"read-more\"> <a class=\"\" href=\"https:\/\/www.schlamann-gmbh.de\/site\/schulungen\/\"> <span class=\"screen-reader-text\">Schulungen<\/span> Weiterlesen &raquo;<\/a><\/p>\n","protected":false},"author":1,"featured_media":0,"parent":0,"menu_order":0,"comment_status":"closed","ping_status":"closed","template":"","meta":{"iawp_total_views":3,"footnotes":""},"class_list":["post-22","page","type-page","status-publish","hentry"],"yoast_head":"<!-- This site is optimized with the Yoast SEO plugin v27.5 - https:\/\/yoast.com\/product\/yoast-seo-wordpress\/ -->\n<title>Schulungen &#187; Uwe Schlamann GmbH<\/title>\n<meta name=\"robots\" content=\"index, follow, max-snippet:-1, max-image-preview:large, max-video-preview:-1\" \/>\n<link rel=\"canonical\" href=\"https:\/\/www.schlamann-gmbh.de\/site\/schulungen\/\" \/>\n<meta property=\"og:locale\" content=\"de_DE\" \/>\n<meta property=\"og:type\" content=\"article\" \/>\n<meta property=\"og:title\" content=\"Schulungen &#187; Uwe Schlamann GmbH\" \/>\n<meta property=\"og:description\" content=\"Damit Sie optimal vorbereitet sind und sofort wissen, was im Ernstfall zu tun ist, f\u00fchrt die Uwe Schlamann GmbH individuelle Schulungen durch. Dabei werden in der Theorie alle Grundlagen des Feuerschutzes vermittelt: Verhalten im Brandfall Brandentstehung Brandbek\u00e4mpfung L\u00f6scheinrichtungen und L\u00f6schmittel Speziell f\u00fcr Ihr Unternehmen wird jeder Mitarbeiter in das richtige Verhalten im Brandfall eingewiesen. Die &hellip; Schulungen Weiterlesen &raquo;\" \/>\n<meta property=\"og:url\" content=\"https:\/\/www.schlamann-gmbh.de\/site\/schulungen\/\" \/>\n<meta property=\"og:site_name\" content=\"Uwe Schlamann GmbH\" \/>\n<meta property=\"article:publisher\" content=\"https:\/\/www.facebook.com\/schlamann.gmbh\" \/>\n<meta property=\"article:modified_time\" content=\"2012-10-16T10:10:06+00:00\" \/>\n<meta name=\"twitter:card\" content=\"summary_large_image\" \/>\n<meta name=\"twitter:label1\" content=\"Gesch\u00e4tzte Lesezeit\" \/>\n\t<meta name=\"twitter:data1\" content=\"1\u00a0Minute\" \/>\n<script type=\"application\/ld+json\" class=\"yoast-schema-graph\">{\"@context\":\"https:\\\/\\\/schema.org\",\"@graph\":[{\"@type\":\"WebPage\",\"@id\":\"https:\\\/\\\/www.schlamann-gmbh.de\\\/site\\\/schulungen\\\/\",\"url\":\"https:\\\/\\\/www.schlamann-gmbh.de\\\/site\\\/schulungen\\\/\",\"name\":\"Schulungen &#187; Uwe Schlamann GmbH\",\"isPartOf\":{\"@id\":\"https:\\\/\\\/www.schlamann-gmbh.de\\\/site\\\/#website\"},\"datePublished\":\"2006-11-04T16:25:50+00:00\",\"dateModified\":\"2012-10-16T10:10:06+00:00\",\"breadcrumb\":{\"@id\":\"https:\\\/\\\/www.schlamann-gmbh.de\\\/site\\\/schulungen\\\/#breadcrumb\"},\"inLanguage\":\"de\",\"potentialAction\":[{\"@type\":\"ReadAction\",\"target\":[\"https:\\\/\\\/www.schlamann-gmbh.de\\\/site\\\/schulungen\\\/\"]}]},{\"@type\":\"BreadcrumbList\",\"@id\":\"https:\\\/\\\/www.schlamann-gmbh.de\\\/site\\\/schulungen\\\/#breadcrumb\",\"itemListElement\":[{\"@type\":\"ListItem\",\"position\":1,\"name\":\"Startseite\",\"item\":\"https:\\\/\\\/www.schlamann-gmbh.de\\\/site\\\/\"},{\"@type\":\"ListItem\",\"position\":2,\"name\":\"Schulungen\"}]},{\"@type\":\"WebSite\",\"@id\":\"https:\\\/\\\/www.schlamann-gmbh.de\\\/site\\\/#website\",\"url\":\"https:\\\/\\\/www.schlamann-gmbh.de\\\/site\\\/\",\"name\":\"Uwe Schlamann GmbH - Feuerl\u00f6scher, Flurpl\u00e4ne, Feuerwehrpl\u00e4ne, Wandhydranten, Brandschutz\",\"description\":\"Die Uwe Schlamann GmbH ist Ihr Experte f\u00fcr Brandschutz. Wir vertreiben und warten Feuerl\u00f6schger\u00e4te. Wir erstellen Flucht-, Rettungs- und Feuerwehrpl\u00e4ne. Wir warten u.a. Wandhydranten, RWA-Anlagen und Brandschutzt\u00fcren.\",\"publisher\":{\"@id\":\"https:\\\/\\\/www.schlamann-gmbh.de\\\/site\\\/#organization\"},\"potentialAction\":[{\"@type\":\"SearchAction\",\"target\":{\"@type\":\"EntryPoint\",\"urlTemplate\":\"https:\\\/\\\/www.schlamann-gmbh.de\\\/site\\\/?s={search_term_string}\"},\"query-input\":{\"@type\":\"PropertyValueSpecification\",\"valueRequired\":true,\"valueName\":\"search_term_string\"}}],\"inLanguage\":\"de\"},{\"@type\":\"Organization\",\"@id\":\"https:\\\/\\\/www.schlamann-gmbh.de\\\/site\\\/#organization\",\"name\":\"Uwe Schlamann GmbH\",\"url\":\"https:\\\/\\\/www.schlamann-gmbh.de\\\/site\\\/\",\"logo\":{\"@type\":\"ImageObject\",\"inLanguage\":\"de\",\"@id\":\"https:\\\/\\\/www.schlamann-gmbh.de\\\/site\\\/#\\\/schema\\\/logo\\\/image\\\/\",\"url\":\"http:\\\/\\\/www.schlamann-gmbh.de\\\/site\\\/wp-content\\\/uploads\\\/2021\\\/09\\\/Logo1_cropped-1024x514.png\",\"contentUrl\":\"http:\\\/\\\/www.schlamann-gmbh.de\\\/site\\\/wp-content\\\/uploads\\\/2021\\\/09\\\/Logo1_cropped-1024x514.png\",\"width\":1024,\"height\":514,\"caption\":\"Uwe Schlamann GmbH\"},\"image\":{\"@id\":\"https:\\\/\\\/www.schlamann-gmbh.de\\\/site\\\/#\\\/schema\\\/logo\\\/image\\\/\"},\"sameAs\":[\"https:\\\/\\\/www.facebook.com\\\/schlamann.gmbh\"]}]}<\/script>\n<!-- \/ Yoast SEO plugin. -->","yoast_head_json":{"title":"Schulungen &#187; Uwe Schlamann GmbH","robots":{"index":"index","follow":"follow","max-snippet":"max-snippet:-1","max-image-preview":"max-image-preview:large","max-video-preview":"max-video-preview:-1"},"canonical":"https:\/\/www.schlamann-gmbh.de\/site\/schulungen\/","og_locale":"de_DE","og_type":"article","og_title":"Schulungen &#187; Uwe Schlamann GmbH","og_description":"Damit Sie optimal vorbereitet sind und sofort wissen, was im Ernstfall zu tun ist, f\u00fchrt die Uwe Schlamann GmbH individuelle Schulungen durch. Dabei werden in der Theorie alle Grundlagen des Feuerschutzes vermittelt: Verhalten im Brandfall Brandentstehung Brandbek\u00e4mpfung L\u00f6scheinrichtungen und L\u00f6schmittel Speziell f\u00fcr Ihr Unternehmen wird jeder Mitarbeiter in das richtige Verhalten im Brandfall eingewiesen. Die &hellip; Schulungen Weiterlesen &raquo;","og_url":"https:\/\/www.schlamann-gmbh.de\/site\/schulungen\/","og_site_name":"Uwe Schlamann GmbH","article_publisher":"https:\/\/www.facebook.com\/schlamann.gmbh","article_modified_time":"2012-10-16T10:10:06+00:00","twitter_card":"summary_large_image","twitter_misc":{"Gesch\u00e4tzte Lesezeit":"1\u00a0Minute"},"schema":{"@context":"https:\/\/schema.org","@graph":[{"@type":"WebPage","@id":"https:\/\/www.schlamann-gmbh.de\/site\/schulungen\/","url":"https:\/\/www.schlamann-gmbh.de\/site\/schulungen\/","name":"Schulungen &#187; Uwe Schlamann GmbH","isPartOf":{"@id":"https:\/\/www.schlamann-gmbh.de\/site\/#website"},"datePublished":"2006-11-04T16:25:50+00:00","dateModified":"2012-10-16T10:10:06+00:00","breadcrumb":{"@id":"https:\/\/www.schlamann-gmbh.de\/site\/schulungen\/#breadcrumb"},"inLanguage":"de","potentialAction":[{"@type":"ReadAction","target":["https:\/\/www.schlamann-gmbh.de\/site\/schulungen\/"]}]},{"@type":"BreadcrumbList","@id":"https:\/\/www.schlamann-gmbh.de\/site\/schulungen\/#breadcrumb","itemListElement":[{"@type":"ListItem","position":1,"name":"Startseite","item":"https:\/\/www.schlamann-gmbh.de\/site\/"},{"@type":"ListItem","position":2,"name":"Schulungen"}]},{"@type":"WebSite","@id":"https:\/\/www.schlamann-gmbh.de\/site\/#website","url":"https:\/\/www.schlamann-gmbh.de\/site\/","name":"Uwe Schlamann GmbH - Feuerl\u00f6scher, Flurpl\u00e4ne, Feuerwehrpl\u00e4ne, Wandhydranten, Brandschutz","description":"Die Uwe Schlamann GmbH ist Ihr Experte f\u00fcr Brandschutz. Wir vertreiben und warten Feuerl\u00f6schger\u00e4te. Wir erstellen Flucht-, Rettungs- und Feuerwehrpl\u00e4ne. Wir warten u.a. Wandhydranten, RWA-Anlagen und Brandschutzt\u00fcren.","publisher":{"@id":"https:\/\/www.schlamann-gmbh.de\/site\/#organization"},"potentialAction":[{"@type":"SearchAction","target":{"@type":"EntryPoint","urlTemplate":"https:\/\/www.schlamann-gmbh.de\/site\/?s={search_term_string}"},"query-input":{"@type":"PropertyValueSpecification","valueRequired":true,"valueName":"search_term_string"}}],"inLanguage":"de"},{"@type":"Organization","@id":"https:\/\/www.schlamann-gmbh.de\/site\/#organization","name":"Uwe Schlamann GmbH","url":"https:\/\/www.schlamann-gmbh.de\/site\/","logo":{"@type":"ImageObject","inLanguage":"de","@id":"https:\/\/www.schlamann-gmbh.de\/site\/#\/schema\/logo\/image\/","url":"http:\/\/www.schlamann-gmbh.de\/site\/wp-content\/uploads\/2021\/09\/Logo1_cropped-1024x514.png","contentUrl":"http:\/\/www.schlamann-gmbh.de\/site\/wp-content\/uploads\/2021\/09\/Logo1_cropped-1024x514.png","width":1024,"height":514,"caption":"Uwe Schlamann GmbH"},"image":{"@id":"https:\/\/www.schlamann-gmbh.de\/site\/#\/schema\/logo\/image\/"},"sameAs":["https:\/\/www.facebook.com\/schlamann.gmbh"]}]}},"_links":{"self":[{"href":"https:\/\/www.schlamann-gmbh.de\/site\/wp-json\/wp\/v2\/pages\/22","targetHints":{"allow":["GET"]}}],"collection":[{"href":"https:\/\/www.schlamann-gmbh.de\/site\/wp-json\/wp\/v2\/pages"}],"about":[{"href":"https:\/\/www.schlamann-gmbh.de\/site\/wp-json\/wp\/v2\/types\/page"}],"author":[{"embeddable":true,"href":"https:\/\/www.schlamann-gmbh.de\/site\/wp-json\/wp\/v2\/users\/1"}],"replies":[{"embeddable":true,"href":"https:\/\/www.schlamann-gmbh.de\/site\/wp-json\/wp\/v2\/comments?post=22"}],"version-history":[{"count":2,"href":"https:\/\/www.schlamann-gmbh.de\/site\/wp-json\/wp\/v2\/pages\/22\/revisions"}],"predecessor-version":[{"id":36,"href":"https:\/\/www.schlamann-gmbh.de\/site\/wp-json\/wp\/v2\/pages\/22\/revisions\/36"}],"wp:attachment":[{"href":"https:\/\/www.schlamann-gmbh.de\/site\/wp-json\/wp\/v2\/media?parent=22"}],"curies":[{"name":"wp","href":"https:\/\/api.w.org\/{rel}","templated":true}]}}